{"id":3,"date":"2025-05-23T05:36:27","date_gmt":"2025-05-23T05:36:27","guid":{"rendered":"https:\/\/internationalfamilydoctor.com\/?page_id=3"},"modified":"2025-07-10T14:45:03","modified_gmt":"2025-07-10T14:45:03","slug":"privacy-policy","status":"publish","type":"page","link":"https:\/\/internationalfamilydoctor.com\/es\/privacy-policy\/","title":{"rendered":"Pol\u00edtica de privacidad"},"content":{"rendered":"<div data-elementor-type=\"wp-page\" data-elementor-id=\"3\" class=\"elementor elementor-3\" data-elementor-post-type=\"page\">\n\t\t\t\t<div class=\"elementor-element elementor-element-2b94fdd e-flex e-con-boxed e-con e-parent\" data-id=\"2b94fdd\" data-element_type=\"container\" data-e-type=\"container\">\n\t\t\t\t\t<div class=\"e-con-inner\">\n\t\t\t\t\t<\/div>\n\t\t\t\t<\/div>\n\t\t<div class=\"elementor-element elementor-element-9edea2c e-con-full back e-flex e-con e-parent\" data-id=\"9edea2c\" data-element_type=\"container\" data-e-type=\"container\" data-settings=\"{&quot;background_background&quot;:&quot;gradient&quot;}\">\n\t\t<div class=\"elementor-element elementor-element-f4966b3 e-con-full e-flex e-con e-child\" data-id=\"f4966b3\" data-element_type=\"container\" data-e-type=\"container\" data-settings=\"{&quot;background_background&quot;:&quot;classic&quot;}\">\n\t\t<div class=\"elementor-element elementor-element-36f7e4b e-con-full e-flex e-con e-child\" data-id=\"36f7e4b\" data-element_type=\"container\" data-e-type=\"container\">\n\t\t\t\t<div class=\"elementor-element elementor-element-6048fb4 elementor-widget elementor-widget-text-editor\" data-id=\"6048fb4\" data-element_type=\"widget\" data-e-type=\"widget\" data-widget_type=\"text-editor.default\">\n\t\t\t\t<div class=\"elementor-widget-container\">\n\t\t\t\t\t\t\t\t\t<p><em>\u00daltima actualizaci\u00f3n: 10-07-2025<\/em><\/p>\n<p>En International Family Doctor (accesible desde internationalfamilydoctor.com), damos prioridad a su privacidad. Este documento de Pol\u00edtica de Privacidad describe los tipos de informaci\u00f3n personal recopilada, c\u00f3mo se utiliza y las medidas que tomamos para protegerla. Al utilizar nuestro sitio web, usted acepta los t\u00e9rminos de esta Pol\u00edtica de Privacidad.<\/p>\n<p><strong>1. Informaci\u00f3n que recopilamos<br \/><\/strong>Recogemos varios tipos de informaci\u00f3n con diversos fines, entre ellos:<\/p>\n<p>-\u00a0<strong>Informaci\u00f3n de identificaci\u00f3n personal<\/strong>: Esto puede incluir su nombre, direcci\u00f3n de correo electr\u00f3nico, n\u00famero de tel\u00e9fono y cualquier otro detalle que nos proporcione directamente al rellenar formularios en nuestro sitio.<\/p>\n<p>-\u00a0<strong>Datos de uso<\/strong>: Recopilamos autom\u00e1ticamente informaci\u00f3n sobre c\u00f3mo accede e interact\u00faa con nuestro sitio web, incluida su direcci\u00f3n IP, tipo de navegador, p\u00e1ginas visitadas y fecha y hora de su visita.<\/p>\n<p>-\u00a0<strong>Cookies y tecnolog\u00edas de seguimiento<\/strong>: Nuestro sitio web puede utilizar cookies y tecnolog\u00edas similares para recopilar informaci\u00f3n sobre sus actividades y preferencias de navegaci\u00f3n.<\/p>\n<p><strong>2. C\u00f3mo utilizamos su informaci\u00f3n<br \/><\/strong>International Family Doctor utiliza la informaci\u00f3n recopilada para los siguientes fines:<\/p>\n<p>- Para proporcionar, operar y mantener nuestro sitio web<\/p>\n<p>- Para mejorar y personalizar su experiencia<\/p>\n<p>- Para responder a consultas o tramitar solicitudes de servicio<\/p>\n<p>- Para an\u00e1lisis e informes internos<\/p>\n<p>- Para comunicarnos con usted, incluyendo mensajes de marketing y promoci\u00f3n (con su consentimiento)<\/p>\n<p>- Para cumplir las obligaciones legales y hacer cumplir nuestras condiciones<\/p>\n<p><strong>3. Cookies y tecnolog\u00edas de seguimiento<br \/><\/strong>Las cookies nos ayudan a ofrecerle una mejor experiencia de usuario recordando sus preferencias y haciendo un seguimiento de su interacci\u00f3n con el sitio web. Puede configurar su navegador para que rechace las cookies, aunque es posible que algunas funciones del sitio web no funcionen correctamente sin ellas.<\/p>\n<p><strong>4. C\u00f3mo compartimos su informaci\u00f3n<br \/><\/strong>No vendemos ni alquilamos sus datos personales. S\u00f3lo podemos compartirla:<\/p>\n<p>-\u00a0<strong>Con los proveedores de servicios<\/strong>: Para facilitar servicios en nuestro nombre, como procesamiento de pagos, alojamiento de sitios web y an\u00e1lisis.<\/p>\n<p>-\u00a0<strong>A efectos jur\u00eddicos<\/strong>: Cuando lo exija la ley, una orden judicial u otra autoridad gubernamental, o para proteger nuestros derechos legales y la seguridad de nuestros usuarios.<\/p>\n<p><strong>5. 5. Seguridad de los datos<br \/><\/strong>Aplicamos medidas de seguridad adecuadas para proteger sus datos. Sin embargo, ning\u00fan m\u00e9todo de transmisi\u00f3n o almacenamiento electr\u00f3nico es 100% seguro, por lo que, aunque nos esforzamos por proteger su informaci\u00f3n personal, no podemos garantizar su seguridad absoluta.<\/p>\n<p><strong>6. Sus derechos en materia de protecci\u00f3n de datos<br \/><\/strong>De conformidad con la legislaci\u00f3n aplicable, puede tener derecho a:<\/p>\n<p>- Solicitar acceso a su informaci\u00f3n personal<\/p>\n<p>- Solicitar la rectificaci\u00f3n o supresi\u00f3n de sus datos personales<\/p>\n<p>- Oponerse al tratamiento de sus datos<\/p>\n<p>- Solicitar restricciones al tratamiento de datos<\/p>\n<p>Para ejercer estos derechos, p\u00f3ngase en contacto con nosotros en info@internationalfamilydoctor.com.<\/p>\n<p><strong>7. Privacidad de los ni\u00f1os<br \/><\/strong>Nuestro sitio web no est\u00e1 dirigido a personas menores de 16 a\u00f1os. No recopilamos conscientemente informaci\u00f3n personal de menores de 16 a\u00f1os.<\/p>\n<p><strong>8. Cambios en esta pol\u00edtica de privacidad<br \/><\/strong>Es posible que actualicemos esta Pol\u00edtica de Privacidad ocasionalmente, y la pol\u00edtica actualizada se publicar\u00e1 en esta p\u00e1gina con la fecha de entrada en vigor. Le recomendamos que consulte esta p\u00e1gina con regularidad para mantenerse informado de cualquier cambio.<\/p>\n<p><strong>9. Contacto<br \/><\/strong>Si tiene preguntas o dudas sobre esta Pol\u00edtica de privacidad, p\u00f3ngase en contacto con nosotros en:<\/p>\n<p><strong>M\u00e9dico de familia internacional<\/strong><\/p>\n<p>Correo electr\u00f3nico: info@internationalfamilydoctor.com<\/p>\t\t\t\t\t\t\t\t<\/div>\n\t\t\t\t<\/div>\n\t\t\t\t<\/div>\n\t\t\t\t<\/div>\n\t\t\t\t<\/div>\n\t\t\t\t<\/div>","protected":false},"excerpt":{"rendered":"<p>Last updated: 10-07-2025 At International Family Doctor (accessible from internationalfamilydoctor.com), we prioritize your privacy. This Privacy Policy document outlines the types of personal information collected, how it\u2019s used, and the measures we take to protect it. By using our website, you consent to the terms of this Privacy Policy. 1. Information we collectWe collect several [&hellip;]<\/p>\n","protected":false},"author":1,"featured_media":0,"parent":0,"menu_order":0,"comment_status":"closed","ping_status":"closed","template":"elementor_header_footer","meta":{"_acf_changed":false,"footnotes":""},"class_list":["post-3","page","type-page","status-publish","hentry"],"acf":[],"_links":{"self":[{"href":"https:\/\/internationalfamilydoctor.com\/es\/wp-json\/wp\/v2\/pages\/3","targetHints":{"allow":["GET"]}}],"collection":[{"href":"https:\/\/internationalfamilydoctor.com\/es\/wp-json\/wp\/v2\/pages"}],"about":[{"href":"https:\/\/internationalfamilydoctor.com\/es\/wp-json\/wp\/v2\/types\/page"}],"author":[{"embeddable":true,"href":"https:\/\/internationalfamilydoctor.com\/es\/wp-json\/wp\/v2\/users\/1"}],"replies":[{"embeddable":true,"href":"https:\/\/internationalfamilydoctor.com\/es\/wp-json\/wp\/v2\/comments?post=3"}],"version-history":[{"count":0,"href":"https:\/\/internationalfamilydoctor.com\/es\/wp-json\/wp\/v2\/pages\/3\/revisions"}],"wp:attachment":[{"href":"https:\/\/internationalfamilydoctor.com\/es\/wp-json\/wp\/v2\/media?parent=3"}],"curies":[{"name":"wp","href":"https:\/\/api.w.org\/{rel}","templated":true}]}}