{"id":763,"date":"2025-07-09T09:47:11","date_gmt":"2025-07-09T09:47:11","guid":{"rendered":"https:\/\/internationalfamilydoctor.com\/?page_id=763"},"modified":"2025-11-06T14:39:18","modified_gmt":"2025-11-06T14:39:18","slug":"about-dr-femke","status":"publish","type":"page","link":"https:\/\/internationalfamilydoctor.com\/es\/about-dr-femke\/","title":{"rendered":"Acerca del Dr. Femke"},"content":{"rendered":"<div data-elementor-type=\"wp-page\" data-elementor-id=\"763\" class=\"elementor elementor-763\" data-elementor-post-type=\"page\">\n\t\t\t\t<div class=\"elementor-element elementor-element-0a1bf7a e-con-full e-flex e-con e-parent\" data-id=\"0a1bf7a\" data-element_type=\"container\" data-e-type=\"container\" data-settings=\"{&quot;background_background&quot;:&quot;classic&quot;}\">\n\t\t<div class=\"elementor-element elementor-element-30f74e2 e-con-full e-flex e-con e-child\" data-id=\"30f74e2\" data-element_type=\"container\" data-e-type=\"container\">\n\t\t\t\t<\/div>\n\t\t\t\t<\/div>\n\t\t<div class=\"elementor-element elementor-element-5f6af57 e-con-full e-flex e-con e-parent\" data-id=\"5f6af57\" data-element_type=\"container\" data-e-type=\"container\" data-settings=\"{&quot;background_background&quot;:&quot;classic&quot;}\">\n\t\t<div class=\"elementor-element elementor-element-c8044cb e-con-full e-flex e-con e-child\" data-id=\"c8044cb\" data-element_type=\"container\" data-e-type=\"container\">\n\t\t<div class=\"elementor-element elementor-element-4182c9a e-con-full e-flex e-con e-child\" data-id=\"4182c9a\" data-element_type=\"container\" data-e-type=\"container\">\n\t\t\t\t<div class=\"elementor-element elementor-element-8f0d5a0 elementor-widget elementor-widget-image\" data-id=\"8f0d5a0\" data-element_type=\"widget\" data-e-type=\"widget\" data-widget_type=\"image.default\">\n\t\t\t\t<div class=\"elementor-widget-container\">\n\t\t\t\t\t\t\t\t\t\t\t\t\t\t\t<img fetchpriority=\"high\" decoding=\"async\" width=\"1268\" height=\"1324\" src=\"https:\/\/internationalfamilydoctor.com\/wp-content\/uploads\/2025\/06\/f283d1c16531822506c19d6f3e102cb91295de21.jpg\" class=\"attachment-full size-full wp-image-246\" alt=\"\" srcset=\"https:\/\/internationalfamilydoctor.com\/wp-content\/uploads\/2025\/06\/f283d1c16531822506c19d6f3e102cb91295de21.jpg 1268w, https:\/\/internationalfamilydoctor.com\/wp-content\/uploads\/2025\/06\/f283d1c16531822506c19d6f3e102cb91295de21-287x300.jpg 287w, https:\/\/internationalfamilydoctor.com\/wp-content\/uploads\/2025\/06\/f283d1c16531822506c19d6f3e102cb91295de21-981x1024.jpg 981w, https:\/\/internationalfamilydoctor.com\/wp-content\/uploads\/2025\/06\/f283d1c16531822506c19d6f3e102cb91295de21-768x802.jpg 768w\" sizes=\"(max-width: 1268px) 100vw, 1268px\" \/>\t\t\t\t\t\t\t\t\t\t\t\t\t\t\t<\/div>\n\t\t\t\t<\/div>\n\t\t\t\t<\/div>\n\t\t<div class=\"elementor-element elementor-element-84f74e9 e-con-full e-flex e-con e-child\" data-id=\"84f74e9\" data-element_type=\"container\" data-e-type=\"container\">\n\t\t\t\t<div class=\"elementor-element elementor-element-3666887 elementor-widget elementor-widget-heading\" data-id=\"3666887\" data-element_type=\"widget\" data-e-type=\"widget\" data-widget_type=\"heading.default\">\n\t\t\t\t<div class=\"elementor-widget-container\">\n\t\t\t\t\t<h2 class=\"elementor-heading-title elementor-size-default\">Encantado de conocerte.<\/h2>\t\t\t\t<\/div>\n\t\t\t\t<\/div>\n\t\t\t\t<div class=\"elementor-element elementor-element-04dd876 elementor-widget elementor-widget-text-editor\" data-id=\"04dd876\" data-element_type=\"widget\" data-e-type=\"widget\" data-widget_type=\"text-editor.default\">\n\t\t\t\t<div class=\"elementor-widget-container\">\n\t\t\t\t\t\t\t\t\t<p><span style=\"font-weight: 400;\">Hola, soy la Dra. Femke Ellens, una m\u00e9dico holandesa apasionada por la atenci\u00f3n personalizada, pr\u00e1ctica y centrada en el ser humano. Soy originaria de los Pa\u00edses Bajos y estudi\u00e9 medicina en la Universidad de Maastricht, donde comenz\u00f3 mi andadura en la sanidad con una s\u00f3lida base acad\u00e9mica y un gran inter\u00e9s por las personas.<\/span><\/p><p><span style=\"font-weight: 400;\">Tras licenciarme, me traslad\u00e9 a Chipre en 2004 y constru\u00ed una vida y una consulta en la soleada ciudad de Limassol. All\u00ed fund\u00e9 mi primera cl\u00ednica de atenci\u00f3n primaria, adquir\u00ed a\u00f1os de experiencia cl\u00ednica y tambi\u00e9n tuve el privilegio de trabajar como m\u00e9dico en varios eventos deportivos internacionales.\u00a0<\/span><\/p><p><span style=\"font-weight: 400;\">En 2015, tuve el honor de ser aceptada como Miembro Internacional del Royal College of General Practitioners (RCGP) del Reino Unido. Este hito profundiz\u00f3 mi enfoque de la medicina de familia basado en la evidencia y me conect\u00f3 con una red mundial de profesionales de atenci\u00f3n primaria.<\/span><\/p>\t\t\t\t\t\t\t\t<\/div>\n\t\t\t\t<\/div>\n\t\t\t\t<div class=\"elementor-element elementor-element-fe22f59 boton elementor-widget elementor-widget-button\" data-id=\"fe22f59\" data-element_type=\"widget\" data-e-type=\"widget\" data-widget_type=\"button.default\">\n\t\t\t\t<div class=\"elementor-widget-container\">\n\t\t\t\t\t\t\t\t\t<div class=\"elementor-button-wrapper\">\n\t\t\t\t\t<a class=\"elementor-button elementor-button-link elementor-size-sm\" href=\"#read-more\">\n\t\t\t\t\t\t<span class=\"elementor-button-content-wrapper\">\n\t\t\t\t\t\t<span class=\"elementor-button-icon\">\n\t\t\t\t<svg xmlns=\"http:\/\/www.w3.org\/2000\/svg\" width=\"30\" height=\"15\" viewbox=\"0 0 30 15\" fill=\"none\" transform=\"rotate(90)\"><path d=\"M1 7.5H29M29 7.5L22.7079 1.5M29 7.5L22.7079 13.5\" stroke=\"white\" stroke-width=\"1.5\" stroke-linecap=\"round\" stroke-linejoin=\"round\"><\/path><\/svg>\t\t\t<\/span>\n\t\t\t\t\t\t\t\t\t<span class=\"elementor-button-text\">Seguir leyendo<\/span>\n\t\t\t\t\t<\/span>\n\t\t\t\t\t<\/a>\n\t\t\t\t<\/div>\n\t\t\t\t\t\t\t\t<\/div>\n\t\t\t\t<\/div>\n\t\t\t\t<\/div>\n\t\t\t\t<\/div>\n\t\t\t\t<\/div>\n\t\t<div class=\"elementor-element elementor-element-eb69c77 e-con-full e-flex e-con e-parent\" data-id=\"eb69c77\" data-element_type=\"container\" data-e-type=\"container\" id=\"read-more\" data-settings=\"{&quot;background_background&quot;:&quot;classic&quot;}\">\n\t\t<div class=\"elementor-element elementor-element-7d5e988 e-con-full e-flex e-con e-child\" data-id=\"7d5e988\" data-element_type=\"container\" data-e-type=\"container\">\n\t\t<div class=\"elementor-element elementor-element-bfaab25 e-con-full e-flex e-con e-child\" data-id=\"bfaab25\" data-element_type=\"container\" data-e-type=\"container\">\n\t\t\t\t<div class=\"elementor-element elementor-element-b788536 elementor-widget elementor-widget-text-editor\" data-id=\"b788536\" data-element_type=\"widget\" data-e-type=\"widget\" data-widget_type=\"text-editor.default\">\n\t\t\t\t<div class=\"elementor-widget-container\">\n\t\t\t\t\t\t\t\t\t<p><span style=\"font-weight: 400;\">Hoy vivo con mis dos hijas en Castelldefels, una preciosa localidad costera cerca de Barcelona. Nos encanta la naturaleza, los viajes por carretera en nuestra autocaravana, el surf y pasar tiempo junto al mar. Mi vida aqu\u00ed refleja mi creencia de que el bienestar es algo m\u00e1s que la ausencia de enfermedad: consiste en mantenerse activo, sentirse bien y poder disfrutar de las cosas que m\u00e1s importan.<\/span><\/p><p><span style=\"font-weight: 400;\">Como fundadora de International Family Doctor, combino toda mi experiencia en una misi\u00f3n: hacer que la asistencia sanitaria hol\u00edstica y de alta calidad sea accesible y c\u00f3moda para personas de todas las edades, especialmente para los internacionales que viven en Espa\u00f1a.\u00a0<\/span><\/p><p><span style=\"font-weight: 400;\">Hablo neerland\u00e9s, ingl\u00e9s, espa\u00f1ol y alem\u00e1n. Todas las consultas que ofrezco, ya sean en l\u00ednea o en persona, se basan en:<\/span><\/p><ul><li style=\"font-weight: 400;\" aria-level=\"1\"><span style=\"font-weight: 400;\">Dedicar tiempo a escuchar de verdad<\/span><\/li><li style=\"font-weight: 400;\" aria-level=\"1\"><span style=\"font-weight: 400;\">El estilo de vida como base de la salud<\/span><\/li><li style=\"font-weight: 400;\" aria-level=\"1\"><span style=\"font-weight: 400;\">Tratamiento personalizado que se adapta a su vida<\/span><\/li><li style=\"font-weight: 400;\" aria-level=\"1\"><span style=\"font-weight: 400;\">Explicaciones claras y toma de decisiones compartida<\/span><\/li><li style=\"font-weight: 400;\" aria-level=\"1\"><span style=\"font-weight: 400;\">Apoyo, continuidad y confianza<\/span><\/li><\/ul><p>\u00a0<\/p><p><span style=\"font-weight: 400;\">Si busca un m\u00e9dico que combine conocimientos m\u00e9dicos con un toque humano, me encantar\u00eda conocerle.<\/span><\/p>\t\t\t\t\t\t\t\t<\/div>\n\t\t\t\t<\/div>\n\t\t\t\t<div class=\"elementor-element elementor-element-1b8ff22 boton elementor-widget elementor-widget-button\" data-id=\"1b8ff22\" data-element_type=\"widget\" data-e-type=\"widget\" data-widget_type=\"button.default\">\n\t\t\t\t<div class=\"elementor-widget-container\">\n\t\t\t\t\t\t\t\t\t<div class=\"elementor-button-wrapper\">\n\t\t\t\t\t<a class=\"elementor-button elementor-button-link elementor-size-sm\" href=\"https:\/\/internationalfamilydoctor.com\/es\/contact\/\">\n\t\t\t\t\t\t<span class=\"elementor-button-content-wrapper\">\n\t\t\t\t\t\t<span class=\"elementor-button-icon\">\n\t\t\t\t<svg xmlns=\"http:\/\/www.w3.org\/2000\/svg\" width=\"30\" height=\"15\" viewbox=\"0 0 30 15\" fill=\"none\"><path d=\"M1 7.5H29M29 7.5L22.7079 1.5M29 7.5L22.7079 13.5\" stroke=\"white\" stroke-width=\"1.5\" stroke-linecap=\"round\" stroke-linejoin=\"round\"><\/path><\/svg>\t\t\t<\/span>\n\t\t\t\t\t\t\t\t\t<span class=\"elementor-button-text\">P\u00f3ngase en contacto conmigo<\/span>\n\t\t\t\t\t<\/span>\n\t\t\t\t\t<\/a>\n\t\t\t\t<\/div>\n\t\t\t\t\t\t\t\t<\/div>\n\t\t\t\t<\/div>\n\t\t\t\t<\/div>\n\t\t<div class=\"elementor-element elementor-element-b5455e3 e-con-full e-flex e-con e-child\" data-id=\"b5455e3\" data-element_type=\"container\" data-e-type=\"container\">\n\t\t\t\t<div class=\"elementor-element elementor-element-25b36d1 elementor-widget elementor-widget-image\" data-id=\"25b36d1\" data-element_type=\"widget\" data-e-type=\"widget\" data-widget_type=\"image.default\">\n\t\t\t\t<div class=\"elementor-widget-container\">\n\t\t\t\t\t\t\t\t\t\t\t\t\t\t\t<img decoding=\"async\" width=\"1920\" height=\"2560\" src=\"https:\/\/internationalfamilydoctor.com\/wp-content\/uploads\/2025\/07\/lady-in-red-2-scaled.png\" class=\"attachment-full size-full wp-image-960\" alt=\"\" srcset=\"https:\/\/internationalfamilydoctor.com\/wp-content\/uploads\/2025\/07\/lady-in-red-2-scaled.png 1920w, https:\/\/internationalfamilydoctor.com\/wp-content\/uploads\/2025\/07\/lady-in-red-2-225x300.png 225w, https:\/\/internationalfamilydoctor.com\/wp-content\/uploads\/2025\/07\/lady-in-red-2-768x1024.png 768w, https:\/\/internationalfamilydoctor.com\/wp-content\/uploads\/2025\/07\/lady-in-red-2-1152x1536.png 1152w, https:\/\/internationalfamilydoctor.com\/wp-content\/uploads\/2025\/07\/lady-in-red-2-1536x2048.png 1536w\" sizes=\"(max-width: 1920px) 100vw, 1920px\" \/>\t\t\t\t\t\t\t\t\t\t\t\t\t\t\t<\/div>\n\t\t\t\t<\/div>\n\t\t\t\t<\/div>\n\t\t\t\t<\/div>\n\t\t\t\t<\/div>\n\t\t\t\t<\/div>","protected":false},"excerpt":{"rendered":"<p>Nice to meet you! Hi, I\u2019m Dr. Femke Ellens \u2014 a Dutch doctor with a passion for personalised, practical, and human-centred care. I\u2019m originally from the Netherlands and studied medicine at the University of Maastricht, where my journey in healthcare began with a strong academic foundation and a heart for people. After graduating, I moved [&hellip;]<\/p>\n","protected":false},"author":1,"featured_media":0,"parent":0,"menu_order":0,"comment_status":"closed","ping_status":"closed","template":"elementor_header_footer","meta":{"_acf_changed":false,"footnotes":""},"class_list":["post-763","page","type-page","status-publish","hentry"],"acf":[],"_links":{"self":[{"href":"https:\/\/internationalfamilydoctor.com\/es\/wp-json\/wp\/v2\/pages\/763","targetHints":{"allow":["GET"]}}],"collection":[{"href":"https:\/\/internationalfamilydoctor.com\/es\/wp-json\/wp\/v2\/pages"}],"about":[{"href":"https:\/\/internationalfamilydoctor.com\/es\/wp-json\/wp\/v2\/types\/page"}],"author":[{"embeddable":true,"href":"https:\/\/internationalfamilydoctor.com\/es\/wp-json\/wp\/v2\/users\/1"}],"replies":[{"embeddable":true,"href":"https:\/\/internationalfamilydoctor.com\/es\/wp-json\/wp\/v2\/comments?post=763"}],"version-history":[{"count":7,"href":"https:\/\/internationalfamilydoctor.com\/es\/wp-json\/wp\/v2\/pages\/763\/revisions"}],"predecessor-version":[{"id":1619,"href":"https:\/\/internationalfamilydoctor.com\/es\/wp-json\/wp\/v2\/pages\/763\/revisions\/1619"}],"wp:attachment":[{"href":"https:\/\/internationalfamilydoctor.com\/es\/wp-json\/wp\/v2\/media?parent=763"}],"curies":[{"name":"wp","href":"https:\/\/api.w.org\/{rel}","templated":true}]}}