{"id":887,"date":"2025-07-10T10:30:30","date_gmt":"2025-07-10T10:30:30","guid":{"rendered":"https:\/\/internationalfamilydoctor.com\/?page_id=887"},"modified":"2025-07-10T14:42:43","modified_gmt":"2025-07-10T14:42:43","slug":"accessibility-policy","status":"publish","type":"page","link":"https:\/\/internationalfamilydoctor.com\/es\/accessibility-policy\/","title":{"rendered":"Pol\u00edtica de accesibilidad"},"content":{"rendered":"<div data-elementor-type=\"wp-page\" data-elementor-id=\"887\" class=\"elementor elementor-887\" data-elementor-post-type=\"page\">\n\t\t\t\t<div class=\"elementor-element elementor-element-801d952 e-flex e-con-boxed e-con e-parent\" data-id=\"801d952\" data-element_type=\"container\" data-e-type=\"container\">\n\t\t\t\t\t<div class=\"e-con-inner\">\n\t\t\t\t\t<\/div>\n\t\t\t\t<\/div>\n\t\t<div class=\"elementor-element elementor-element-2b8f18a e-con-full back e-flex e-con e-parent\" data-id=\"2b8f18a\" data-element_type=\"container\" data-e-type=\"container\" data-settings=\"{&quot;background_background&quot;:&quot;gradient&quot;}\">\n\t\t<div class=\"elementor-element elementor-element-e886dd6 e-con-full e-flex e-con e-child\" data-id=\"e886dd6\" data-element_type=\"container\" data-e-type=\"container\" data-settings=\"{&quot;background_background&quot;:&quot;classic&quot;}\">\n\t\t<div class=\"elementor-element elementor-element-4202590 e-con-full e-flex e-con e-child\" data-id=\"4202590\" data-element_type=\"container\" data-e-type=\"container\">\n\t\t\t\t<div class=\"elementor-element elementor-element-3ed37f2 elementor-widget elementor-widget-text-editor\" data-id=\"3ed37f2\" data-element_type=\"widget\" data-e-type=\"widget\" data-widget_type=\"text-editor.default\">\n\t\t\t\t<div class=\"elementor-widget-container\">\n\t\t\t\t\t\t\t\t\t<p>Pol\u00edtica de accesibilidad del sitio web: www.internationalfamilydoctor.com<\/p><p>Fecha de entrada en vigor: 10-07-2025<\/p><p><strong>1. 1. Introducci\u00f3n:<\/strong><\/p><p>International Family Doctor Femke se compromete a proporcionar una experiencia digital accesible a todos los usuarios, independientemente de sus capacidades f\u00edsicas, cognitivas o sensoriales. Esta pol\u00edtica define nuestras directrices y objetivos para garantizar la accesibilidad de nuestro sitio web y cumplir con las normas reconocidas internacionalmente, incluidas las Pautas de Accesibilidad al Contenido en la Web (WCAG) 2.1.<\/p><p><strong>2. Compromiso con la accesibilidad:<\/strong><\/p><p>Nos comprometemos a que nuestro sitio web sea accesible para todos y a tomar medidas continuas para mejorar la accesibilidad. Nuestro equipo de desarrollo y dise\u00f1o se esforzar\u00e1 por seguir las mejores pr\u00e1cticas de accesibilidad en todas las fases de desarrollo y redise\u00f1o del sitio web.<\/p><p><strong>3. Normas de accesibilidad:<\/strong><\/p><p>Nuestro sitio web se dise\u00f1ar\u00e1 y mantendr\u00e1 de acuerdo con las siguientes normas de accesibilidad:<\/p><ul class=\"wp-block-list\"><li>Cumplimiento de las Pautas de Accesibilidad al Contenido en la Web (WCAG) 2.1, nivel AA.<\/li><li>Aplicaci\u00f3n de la sem\u00e1ntica HTML para mejorar la comprensi\u00f3n de los contenidos y la navegaci\u00f3n.<\/li><li>Uso de ARIA (Accessible Rich Internet Applications) para mejorar la accesibilidad de las aplicaciones web din\u00e1micas.<\/li><\/ul><p><br \/><strong>4. 4. Pruebas y evaluaci\u00f3n continuas:<\/strong><\/p><p>Realizaremos pruebas peri\u00f3dicas de accesibilidad durante el desarrollo y las actualizaciones del sitio web. Adem\u00e1s, se llevar\u00e1n a cabo revisiones peri\u00f3dicas para garantizar el cumplimiento de las normas de accesibilidad.<\/p><p><strong>5. Facilitar la navegaci\u00f3n:<\/strong><\/p><p>Proporcionaremos una estructura de navegaci\u00f3n clara y coherente.<\/p><p>Se incluir\u00e1n descripciones significativas en los enlaces y botones para facilitar la comprensi\u00f3n de su funci\u00f3n.<\/p><p><strong>6. Contenido multimedia:<\/strong><\/p><p>Se ofrecer\u00e1n alternativas textuales para los contenidos multimedia, como im\u00e1genes y v\u00eddeos.<\/p><p>Se utilizar\u00e1n subt\u00edtulos y transcripciones para los elementos de audio y v\u00eddeo.<\/p><p><strong>7. Contraste y legibilidad:<\/strong><\/p><p>Se garantizar\u00e1 un contraste suficiente entre el texto y el fondo para mejorar la legibilidad.<\/p><p>Los usuarios podr\u00e1n ajustar el tama\u00f1o del texto seg\u00fan sus preferencias.<\/p><p><strong>8. Formularios y elementos interactivos:<\/strong><\/p><p>Los formularios se dise\u00f1ar\u00e1n con etiquetas claras y campos de entrada descriptivos.<\/p><p>Se proporcionar\u00e1n mensajes de error claros y soluciones para facilitar la correcci\u00f3n de errores en los formularios.<\/p><p><strong>9. Compatibilidad con navegadores y dispositivos:<\/strong><\/p><p>Nos esforzaremos por garantizar la compatibilidad con una amplia variedad de navegadores y dispositivos, incluidas las tecnolog\u00edas de asistencia.<\/p><p><strong>10. Comentarios y mejoras:<\/strong><\/p><p>Animamos a los usuarios a que nos hagan llegar sus comentarios sobre la accesibilidad de nuestro sitio web. Tendremos en cuenta dichas opiniones y tomaremos medidas para solucionar los problemas detectados.<\/p><p><strong>11. Contacto:<\/strong><\/p><p>Para cualquier pregunta, comentario o problema relacionado con la accesibilidad de nuestro sitio web, p\u00f3ngase en contacto con nuestro equipo de asistencia en info@internationalfamilydoctor.com.<\/p><p><strong>Revisi\u00f3n y actualizaci\u00f3n de pol\u00edticas:<\/strong><\/p><p>Esta pol\u00edtica se revisar\u00e1 peri\u00f3dicamente para garantizar su pertinencia y eficacia. Se actualizar\u00e1 cuando sea necesario para reflejar los cambios en la tecnolog\u00eda, la legislaci\u00f3n y las mejores pr\u00e1cticas en materia de accesibilidad.<\/p><p>Agradecemos su colaboraci\u00f3n para ayudarnos a mejorar la accesibilidad de nuestro sitio web y ofrecer una experiencia en l\u00ednea inclusiva para todos los usuarios.<\/p>\t\t\t\t\t\t\t\t<\/div>\n\t\t\t\t<\/div>\n\t\t\t\t<\/div>\n\t\t\t\t<\/div>\n\t\t\t\t<\/div>\n\t\t\t\t<\/div>","protected":false},"excerpt":{"rendered":"<p>Accessibility policy for the website: www.internationalfamilydoctor.com Date of entry into force: 10-07-2025 1. Introduction: International Family Doctor Femke is committed to providing a digital experience accessible to all users, regardless of their physical, cognitive or sensory abilities. This policy defines our guidelines and objectives to ensure the accessibility of our website and to comply with [&hellip;]<\/p>\n","protected":false},"author":1,"featured_media":0,"parent":0,"menu_order":0,"comment_status":"closed","ping_status":"closed","template":"elementor_header_footer","meta":{"_acf_changed":false,"footnotes":""},"class_list":["post-887","page","type-page","status-publish","hentry"],"acf":[],"_links":{"self":[{"href":"https:\/\/internationalfamilydoctor.com\/es\/wp-json\/wp\/v2\/pages\/887","targetHints":{"allow":["GET"]}}],"collection":[{"href":"https:\/\/internationalfamilydoctor.com\/es\/wp-json\/wp\/v2\/pages"}],"about":[{"href":"https:\/\/internationalfamilydoctor.com\/es\/wp-json\/wp\/v2\/types\/page"}],"author":[{"embeddable":true,"href":"https:\/\/internationalfamilydoctor.com\/es\/wp-json\/wp\/v2\/users\/1"}],"replies":[{"embeddable":true,"href":"https:\/\/internationalfamilydoctor.com\/es\/wp-json\/wp\/v2\/comments?post=887"}],"version-history":[{"count":0,"href":"https:\/\/internationalfamilydoctor.com\/es\/wp-json\/wp\/v2\/pages\/887\/revisions"}],"wp:attachment":[{"href":"https:\/\/internationalfamilydoctor.com\/es\/wp-json\/wp\/v2\/media?parent=887"}],"curies":[{"name":"wp","href":"https:\/\/api.w.org\/{rel}","templated":true}]}}